{"id":1094,"date":"2015-06-09T19:00:53","date_gmt":"2015-06-09T17:00:53","guid":{"rendered":"http:\/\/grzegorznieradka.pl\/?page_id=1094"},"modified":"2024-04-05T13:42:30","modified_gmt":"2024-04-05T11:42:30","slug":"publikacje","status":"publish","type":"page","link":"http:\/\/grzegorznieradka.pl\/index.php\/publikacje\/","title":{"rendered":"Moja Dru\u017cyna"},"content":{"rendered":"<h2><strong>KANDYDACI DO RADY MIEJSKIEJ W IWONICZU-ZDROJU<\/strong><\/h2>\n<p><a href=\"http:\/\/grzegorznieradka.pl\/wp-content\/uploads\/2024\/04\/FB1-scaled.jpg\"><img decoding=\"async\" loading=\"lazy\" class=\"alignnone size-full wp-image-3444\" src=\"http:\/\/grzegorznieradka.pl\/wp-content\/uploads\/2024\/04\/FB1-scaled.jpg\" alt=\"\" width=\"2560\" height=\"1280\" srcset=\"http:\/\/grzegorznieradka.pl\/wp-content\/uploads\/2024\/04\/FB1-scaled.jpg 2560w, http:\/\/grzegorznieradka.pl\/wp-content\/uploads\/2024\/04\/FB1-300x150.jpg 300w, http:\/\/grzegorznieradka.pl\/wp-content\/uploads\/2024\/04\/FB1-1024x512.jpg 1024w, http:\/\/grzegorznieradka.pl\/wp-content\/uploads\/2024\/04\/FB1-768x384.jpg 768w, http:\/\/grzegorznieradka.pl\/wp-content\/uploads\/2024\/04\/FB1-1536x768.jpg 1536w, http:\/\/grzegorznieradka.pl\/wp-content\/uploads\/2024\/04\/FB1-2048x1024.jpg 2048w\" sizes=\"(max-width: 2560px) 100vw, 2560px\" \/><\/a><\/p>\n<p><strong>Karol Szurlej. Okr\u0119g nr 1 Iwonicz-Zdr\u00f3j<\/strong><\/p>\n<p>Urodzi\u0142em si\u0119 w Rzeszowie w 1991 roku. Od 32 lat mieszkam w Iwoniczu Zdroju. Jestem szcz\u0119\u015bliwym m\u0119\u017cem, tat\u0105 dw\u00f3jki dzieci. W roku 2011 uko\u0144czy\u0142em Technikum z tytu\u0142em technika informatyka w Zespole Szk\u00f3\u0142 Ponadgimnazjalnym w Miejscu Piastowym. W roku 2015 uko\u0144czy\u0142em studia in\u017cynierskie: kierunek Informatyka, specjalizacja: Sieciowe Systemy Informatyczne w Pa\u0144stwowej Wy\u017cszej Szkole Zawodowej w Kro\u015bnie. Do\u015bwiadczenie zawodowe zacz\u0105\u0142em zbiera\u0107 jako praktykant Pa\u0144stwowej Wy\u017cszej Szkole Zawodowej w Kro\u015bnie oraz w Urz\u0119dzie Statystycznym w Kro\u015bnie. Po praktykach uda\u0142em si\u0119 na sta\u017c w Zespole Szk\u00f3\u0142 Ponadgimnazjalnych nr 3 im. Stanis\u0142awa Staszica w Kro\u015bnie na stanowisku informatyk. Po sta\u017cu zosta\u0142em zatrudniony na stanowisku referent w ZSP nr 3 oraz laborant w Regionalnym Centrum Edukacji Zawodowej i Nowoczesnych Technologii przy ZSP nr 3 im. Stanis\u0142awa Staszica w Kro\u015bnie, gdzie zajmowa\u0142em si\u0119 pe\u0142nym wsparciem informatycznych dla wszystkich pracownik\u00f3w administracyjnych oraz nauczycieli. Dodatkowo by\u0142em odpowiedzialny za realizacj\u0119 zam\u00f3wie\u0144 publicznych, ewidencjonowanie i tworzenie zbior\u00f3w dokumentacji, bie\u017c\u0105c\u0105 wsp\u00f3\u0142prac\u0105 z innymi kom\u00f3rkami organizacyjnymi, wsparcie przy koordynacji kontakt\u00f3w z firmami zewn\u0119trznymi. W 2017 roku podj\u0105\u0142em prac\u0119 w grupie Eurocash S.A. na stanowisku Regionalny Specjalista IT &#8211; g\u0142\u00f3wnym zadaniem by\u0142o wsparcie informatyczne pracownik\u00f3w Grupy Eurocash w lokalizacjach terenowych (Centra Dystrybucji, biura terenowe, hurtownie, magazyny prze\u0142adunkowe). Od 2021 roku do chwili obecnej pracuj\u0119 na stanowisku Specjalista IT w sp\u00f3\u0142ce Innowacyjna Platforma Handlu &#8211; zajmuje si\u0119 obs\u0142ug\u0105 informatyczn\u0105 dla sklep\u00f3w franczyzowych. Moim hobby jest kolarstwo g\u00f3rskie oraz motoryzacja.<\/p>\n<p><strong>Halina J\u00f3zefczyk-Habrat. <\/strong><strong>Okr\u0119g nr 2 Iwonicz-Zdr\u00f3j<\/strong><\/p>\n<p>Jestem iwoniczank\u0105 nie tylko z urodzenia, ale te\u017c z zami\u0142owania. Przez 35 lat pracowa\u0142am w Iwonickim Gastronomiku, gdzie przez 25 lat kierowa\u0142am internatem. Nie ba\u0142am si\u0119 podejmowa\u0107 trudnych zada\u0144 i wyzwa\u0144, zw\u0142aszcza w pracy z m\u0142odzie\u017c\u0105, kt\u00f3ra by\u0142a pe\u0142na m\u0142odzie\u0144czego buntu, ale te\u017c ciekawo\u015bci \u015bwiata, natomiast praca z wychowankami z\u00a0r\u00f3\u017cnego rodzaju niepe\u0142nosprawno\u015bciami stanowi\u0142a dla mnie nieko\u0144cz\u0105c\u0105 si\u0119 przygod\u0119 w odkrywaniu ludzkiej r\u00f3\u017cnorodno\u015bci. Wprowadza\u0142am nowatorskie metody nauczania i\u00a0wychowania, kt\u00f3re przynosi\u0142y wymierne rezultaty i do dzisiaj utrzymuj\u0119 kontakty ze swoimi by\u0142ymi uczniami i wychowankami. Jestem osob\u0105 o szerokich zainteresowaniach i ciekawo\u015bci \u015bwiata, kt\u00f3ra mobilizuje mnie do ci\u0105g\u0142ej aktywno\u015bci. Zawodowo zajmowa\u0142am si\u0119 psychologi\u0105, resocjalizacj\u0105 i\u00a0komunikacj\u0105 spo\u0142eczn\u0105, prywatnie zg\u0142\u0119bia\u0142am wiedz\u0119 z zakresu filozofii, zielarstwa i medycyny niekonwencjonalnej. Fascynuj\u0119 si\u0119 r\u00f3wnie\u017c histori\u0105 regionaln\u0105, zw\u0142aszcza t\u0105 zwi\u0105zan\u0105 z Iwoniczem-Zdrojem i okolicznymi miejscowo\u015bciami. Od kilkunastu lat aktywnie dzia\u0142am w Stowarzyszeniu Przyjaci\u00f3\u0142 Iwonicza-Zdroju, gdzie obecnie kolejn\u0105 kadencj\u0119 pe\u0142ni\u0119 funkcj\u0119 prezesa. Moim celem jest promowanie gminy i Iwonicza-Zdroju jako atrakcyjnego miejsca do \u017cycia i wypoczynku a moje dzia\u0142ania s\u0105 doceniane i\u00a0zauwa\u017cane przez tych, kt\u00f3rym dobro naszej gminy le\u017cy na sercu. Z przyjemno\u015bci\u0105 nawi\u0105zuj\u0119 wsp\u00f3\u0142prac\u0119 z r\u00f3\u017cnymi osobami i organizacjami, dziel\u0105c si\u0119 z nimi moim do\u015bwiadczeniem i kompetencjami. Emerytura nie oznacza dla mnie ko\u0144ca aktywno\u015bci, wr\u0119cz przeciwnie. To czas ogromnego rozwoju w wielu dziedzinach. Podejmuj\u0119 kolejne wyzwania i ucz\u0119 si\u0119 nowych rzeczy. Jestem otwarta na zmiany i ciekawe do\u015bwiadczenia. Moje dzieci uwa\u017caj\u0105, \u017ce jestem chora na Iwonicz \u2013 i wyj\u0105tkowo si\u0119 z nimi zgadzam, bo Iwonicz to moja mi\u0142o\u015b\u0107, pasja i \u017cycie.<\/p>\n<p><strong>Andrzej Madej. Okr\u0119g nr 3 Iwonicz<\/strong><\/p>\n<p>Jestem mieszka\u0144cem Iwonicza, szcz\u0119\u015bliwym m\u0119\u017cem i ojcem. W wyborach samorz\u0105dowych w 2018 roku zosta\u0142em radnym Rady Miejskiej w Iwoniczu-Zdroju. Prowadz\u0119 dzia\u0142alno\u015b\u0107 gospodarcz\u0105. Udzielam si\u0119 w pracy spo\u0142ecznej, nale\u017c\u0119 do Stowarzyszenia Aktywny Beskid, kt\u00f3re dzia\u0142a na rzecz budowy tras rowerowych. Organizuj\u0119 rajdy piesze, rowerowe oraz na nartach biegowych na terenie Beskidu Niskiego.<\/p>\n<p><strong>Micha\u0142 \u0141o\u015b. <\/strong><strong>Okr\u0119g nr 4 Iwonicz<\/strong><\/p>\n<p>Jestem mieszka\u0144cem Iwonicza, mam 52 lata i nie nale\u017c\u0119 do partii politycznej, jestem szcz\u0119\u015bliwym m\u0119\u017cem i ojcem. Posiadam zawodowe wykszta\u0142cenie; uko\u0144czy\u0142em Zesp\u00f3\u0142 Szk\u00f3\u0142 Naftowo-Gazowniczych im. Ignacego \u0141ukasiewicza w Kro\u015bnie na profilu mechanik pojazd\u00f3w samochodowych. Moja 35-letnia praca zawodowa jest zwi\u0105zana z transportem. Obecnie pracuj\u0119 jako kierowca autobusu w prywatnej firmie transportowej. Moje obserwacje z pracy zawodowej chcia\u0142bym wykorzysta\u0107 w propozycjach dotycz\u0105cych poprawy sytuacji komunikacyjno-parkingowej w naszej gminie. Le\u017cy mi na sercu tak\u017ce poprawa og\u00f3lnego wizerunku gminy. Sw\u00f3j wolny czas po\u015bwi\u0119cam na majsterkowanie i prace artystyczne.<\/p>\n<p><strong>Krzysztof Lorens. Okr\u0119g nr 5 Iwonicz<\/strong><\/p>\n<p>Mam 47 lat, pochodz\u0119 z Kro\u015bcienka Wy\u017cnego.\u00a0 Jestem \u017conaty i od 17 lat mieszkam w Iwoniczu. Posiadam wykszta\u0142cenie \u015brednie. Od ponad 20 lat pracuj\u0119 w firmie BLACK RED WHITE S.A. Obecnie zajmuj\u0119 stanowisko kierownika operacyjnego ds. sprzeda\u017cy internetowej. Obs\u0142uguj\u0119 sprzeda\u017c e-commerce na rynku krajowym jak i na rynkach zagranicznych. W ramach specyfiki swojej pracy, du\u017co podr\u00f3\u017cuj\u0119 i zauwa\u017cam rzeczy kt\u00f3re nale\u017cy w naszej gminie poprawi\u0107, ale r\u00f3wnie\u017c zbudowa\u0107 na nowo. Zawsze interesowa\u0142y mnie sprawy spo\u0142eczne, chcia\u0142bym si\u0119 im po\u015bwi\u0119ci\u0107, dziel\u0105c si\u0119 swoim do\u015bwiadczeniem i pomys\u0142ami. Dzia\u0142aj\u0105c na rzecz rozwoju Gminy Iwonicz-Zdr\u00f3j chcia\u0142bym tu wykorzysta\u0107 swoje do\u015bwiadczenie zawodowe. Prywatnie uto\u017csamiam si\u0119 ze \u015brodowiskami prawicowo-patriotycznymi, moje przewodnie has\u0142o to \u201eB\u00f3g Honor i Ojczyzna\u201d. Chcia\u0142bym wsp\u00f3\u0142pracowa\u0107 ze wszystkimi, kt\u00f3rym le\u017cy na sercu dobro wsp\u00f3lne, mianowicie nasza Ma\u0142a Ojczyzna, nasz wsp\u00f3lny dom &#8211; Gmina Iwonicz-Zdr\u00f3j. Chcia\u0142bym aby ka\u017cdy z nas mieszka\u0144c\u00f3w, m\u00f3g\u0142 by\u0107 dumny z zamieszkiwania w naszej miejscowo\u015bci. Moje zainteresowania to w\u0119dr\u00f3wki pieszo-rowerowe, narty, kino, muzyka, majsterkowanie,\u00a0 projektowanie i aran\u017cacje wn\u0119trz.<\/p>\n<p><strong>J\u00f3zef Sowi\u0144ski. Okr\u0119g nr 6 Iwonicz <\/strong><\/p>\n<p>Jestem mieszka\u0144cem Iwonicza. Pracuj\u0119 w samorz\u0105dzie od 2007 roku. Obecnie jestem zatrudniony w Centrum Us\u0142ug Wsp\u00f3lnych Powiatu Kro\u015bnie\u0144skiego. Pe\u0142ni\u0142em funkcj\u0119 Radnego Rady Miejskiej w Iwoniczu-Zdroju II kadencji oraz cz\u0142onka Zarz\u0105du Gminy. Przez szereg lat by\u0142em zast\u0119pc\u0105 redaktora naczelnego, a p\u00f3\u017aniej redaktorem naczelnym miesi\u0119cznika samorz\u0105dowego \u201eEcho Gminy Iwonicz-Zdr\u00f3j\u201d. W latach 2014 \u2013 2018 zosta\u0142em wybrany przewodnicz\u0105cym Rady Miejskiej w\u00a0Iwoniczu-Zdroju, aktualnie pe\u0142ni\u0119 funkcj\u0119 radnego i zasiadam w komisji bud\u017cetu i finans\u00f3w. Zosta\u0142em odznaczony przez Prezydenta Rzeczypospolitej Polskiej z\u0142otym medalem za d\u0142ugoletni\u0105 s\u0142u\u017cb\u0119 w samorz\u0105dzie.<\/p>\n<p><strong>Maria Kandefer-Nycz. Okr\u0119g nr 7 Iwonicz <\/strong><\/p>\n<p>Mam 39 lat. Prac\u0119 zawodow\u0105 i spo\u0142eczn\u0105 \u0142\u0105cz\u0119 z wychowaniem 11-letniego syna. Posiadam wykszta\u0142cenie wy\u017csze. Pracuj\u0119 jako dyrektor i nauczyciel przedszkola, kt\u00f3re zosta\u0142o utworzone w odpowiedzi na zapotrzebowanie spo\u0142eczne w zakresie opieki nad najm\u0142odszymi mieszka\u0144cami naszej miejscowo\u015bci. Od trzech kadencji jestem Przewodnicz\u0105c\u0105 Rady Rodzic\u00f3w przy Szkole Podstawowej w Iwoniczu. Od wielu lat staram si\u0119 anga\u017cowa\u0107 w \u017cycie iwonickiej spo\u0142eczno\u015bci, m.in. poprzez organizacj\u0119 imprez okoliczno\u015bciowych maj\u0105cych na celu integracj\u0119 \u015brodowiska lokalnego. Szczeg\u00f3lnym zainteresowaniem cieszy\u0142y si\u0119 otwarte pikniki rodzinne. Ze wzgl\u0119du na prac\u0119 w przedszkolu, wsp\u00f3\u0142pracuj\u0119 z instytucjami dzia\u0142aj\u0105cymi lokalnie: Stowarzyszeniem O\u015bwiatowym \u201eRazem to skutecznie\u201d, Uzdrowiskiem Iwonicz S.A., OSP Iwonicz, Bibliotek\u0105 Publiczn\u0105, Klubem Sportowym LKS Iwonka Iwonicz, Parafi\u0105 pw. Wszystkich \u015awi\u0119tych, Policj\u0105, Centrum Kultury i Czytelnictwa w Iwoniczu-Zdroju. Pozyskiwa\u0142am \u015brodki zewn\u0119trzne, m.in. poprzez udzia\u0142 wsp\u00f3lnie z dzie\u0107mi w programie Familiada, emitowanym w og\u00f3lnopolskiej telewizji, r\u00f3wnocze\u015bnie reklamuj\u0105c nasz\u0105 gmin\u0119 i produkty uzdrowiskowe. \u00a0Maj\u0105c wieloletnie do\u015bwiadczenie pedagogiczne, moim celem nadrz\u0119dnym b\u0119dzie podejmowanie dzia\u0142a\u0144, we wsp\u00f3\u0142pracy ze szko\u0142ami i przedszkolami, zmierzaj\u0105cych do wszechstronnego rozwoju dzieci i m\u0142odzie\u017cy oraz zapewnienie bezpiecze\u0144stwa w plac\u00f3wkach o\u015bwiatowych. Moj\u0105 pasj\u0105 jest muzyka. Jako rodowita Iwoniczanka pragn\u0119 z pe\u0142n\u0105 energi\u0105 dba\u0107 o rozw\u00f3j i promocj\u0119 naszej miejscowo\u015bci oraz z ca\u0142ym zaanga\u017cowaniem pracowa\u0107 dla dobra mieszka\u0144c\u00f3w naszej gminy. Jestem niezale\u017cna w swoich pogl\u0105dach.<\/p>\n<p><strong>Krzysztof Prajsnar. Okr\u0119g nr 8 Iwonicz <\/strong><\/p>\n<p>Mam 38 lat i jestem mieszka\u0144cem Iwonicza. Moje zaanga\u017cowanie zawodowe ukierunkowane jest na turystyk\u0119 oraz aktywno\u015b\u0107 wspieraj\u0105c\u0105 m\u0142odych ludzi. Wsp\u00f3\u0142dzia\u0142a\u0142em na rzecz lokalnej spo\u0142eczno\u015bci w Stowarzyszeniu Przyjaci\u00f3\u0142 Iwonicza-Zdroju a obecnie w bran\u017cy kultury, propaguj\u0105c zdrowy styl \u017cycia id\u0105c z duchem czasu, przekazuj\u0105c informacje o historii gminy, promuj\u0105c lokalnych przedsi\u0119biorc\u00f3w oraz\u00a0 lokalne wydarzenia. Wra\u017cliwy na ludzk\u0105 krzywd\u0119 i niesprawiedliwo\u015b\u0107 artysta i humanista aktywny spo\u0142ecznie. Jako radny i patriota b\u0119d\u0119 reprezentowa\u0142 mieszka\u0144c\u00f3w, mierz\u0105c si\u0119 z ich potrzebami, towarzysz\u0105c w trudno\u015bciach, promuj\u0105c warto\u015bci rodzinne i chrze\u015bcija\u0144skie, wspieraj\u0105c w\u0142odarzy oraz ich inicjatywy infrastrukturalne. B\u0119d\u0119 kontynuowa\u0142 swoj\u0105 obecn\u0105 aktywno\u015b\u0107 medialn\u0105, zrzeszaj\u0105c\u0105 mieszka\u0144c\u00f3w gminy Iwonicz-Zdr\u00f3j oraz promuj\u0105c\u0105 jej so\u0142ectwa. Moje lata m\u0142odo\u015bci zwi\u0105zane by\u0142y z aktywno\u015bci\u0105 sportow\u0105 w ramach klubu narciarskiego w dyscyplinie skok\u00f3w narciarskich, kt\u00f3re z czasem zamieni\u0142em na rower oraz z muzyk\u0105, co w tym przypadku mia\u0142o sw\u00f3j fina\u0142 w postaci studi\u00f3w w Londynie. Uko\u0144czy\u0142em liceum w zakresie ochrony \u015brodowiska oraz prywatne szko\u0142y w kolejno\u015bci: projektowanie wn\u0119trz, projektowanie ogrod\u00f3w, zarz\u0105dzanie, turystyka i rekreacja oraz posiadam uprawnienia pilota i rezydenta w turystyce. Do\u015bwiadczenie oraz edukacja pozwoli\u0142y mi na prac\u0119 m.in. w roli t\u0142umacza, kinooperatora czy te\u017c nauczyciela muzyki za po\u015brednictwem w\u0142asnej prywatnej szko\u0142y. Mam \u015bwiadomo\u015b\u0107 ogromu potrzeb i zmian w gminie, o czym informuje mnie coraz wi\u0119cej mieszka\u0144c\u00f3w. Powierzony mi g\u0142os b\u0119d\u0119 traktowa\u0142 jako zobowi\u0105zanie i misj\u0119 spo\u0142eczn\u0105. Chcia\u0142bym aby miejscowo\u015b\u0107 w kt\u00f3rej mieszkam, by\u0142a postrzegana jako czysta, pi\u0119kna i atrakcyjna lokalizacja, t\u0119tni\u0105ca aktywno\u015bci\u0105 m\u0142odych ludzi, stwarzaj\u0105ca warunki prozdrowotne oraz warunki do rozwoju sportu, kultury i nauki.<\/p>\n<p><strong>Paulina Domaradzka. Okr\u0119g nr 9 Lubatowa <\/strong><\/p>\n<p>Jestem szcz\u0119\u015bliw\u0105 \u017con\u0105 i mam\u0105 dw\u00f3jki nastolatk\u00f3w. Rodzin\u0119 zawsze stawiam na pierwszym miejscu. Lubatowa to moja rodzinna miejscowo\u015b\u0107, tutaj si\u0119 wychowa\u0142am,\u00a0 mieszkam i jestem zauroczona jej krajobrazem i histori\u0105. Uko\u0144czy\u0142am filologi\u0119 polsk\u0105, terapi\u0119 pedagogiczn\u0105, oligofrenopedagogik\u0119 i terapi\u0119 os\u00f3b ze spektrum autyzmu. Obecnie jestem nauczycielem wsp\u00f3\u0142organizuj\u0105cym proces kszta\u0142cenia uczni\u00f3w Szko\u0142y Podstawowej w Dukli oraz terapeut\u0105 dzieci ze specyficznymi trudno\u015bciami w nauce (SPE). Praca z dzie\u0107mi daje mi du\u017co satysfakcji i mobilizacji do tw\u00f3rczych i kreatywnych pomys\u0142\u00f3w, dlatego staram si\u0119 wykorzystywa\u0107 innowacyjne metody edukacyjne i terapeutyczne. Organizuj\u0119 i wsp\u00f3\u0142organizuj\u0119 akcje spo\u0142eczne, edukacyjne, charytatywne zar\u00f3wno na p\u0142aszczy\u017anie szkolnej oraz jako cz\u0142onek i sekretarz Towarzystwa Mi\u0142o\u015bnik\u00f3w Lubatowej. Pe\u0142ni\u0119 funkcj\u0119 Radnej Rady Miejskiej w Iwoniczu-Zdroju VIII kadencji (2018-2024). Jestem wsp\u00f3\u0142autorem tekst\u00f3w do publikacji \u201eSpacerem przez Lubatow\u0119\u201d, wsp\u00f3\u0142autorem i korektorem tekst\u00f3w \u201eIV i V Ksi\u0119gi Jubileuszowej wsi Lubatowa\u201d oraz wsp\u00f3\u0142organizatorem biegu \u201eSzlakiem Partyzant\u00f3w z Lubatowej\u201d. Hobbistycznie prowadz\u0119 stron\u0119 na facebooku\u00a0 \u201eW domowym zaciszu\u201d. W wolnej chwili czytam ksi\u0105\u017cki lub spaceruj\u0119 po g\u00f3rkach. Lubi\u0119 kontakt z lud\u017ami i dzia\u0142am na rzecz\u00a0 lokalnej spo\u0142eczno\u015bci.<\/p>\n<p><strong>Marcin Zaj\u0105c. <\/strong><strong>Okr\u0119g nr 10 Lubatowa<\/strong><\/p>\n<p><strong>Jestem mieszka\u0144cem Lubatowej, mam <\/strong>43 lata, wraz z \u017con\u0105 mamy dwoje dzieci. Posiadam wy\u017csze wykszta\u0142cenie, jestem absolwentem Akademii Wychowania Fizycznego w Katowicach. Obecnie pracuj\u0119 jako dyplomowany nauczyciel w Szkole Podstawowej im. Jana Paw\u0142a II w Lubatowej. W latach 2014-2018 by\u0142em wiceprzewodnicz\u0105cym Rady Miejskiej w Iwoniczu-Zdroju, pracowa\u0142em jako cz\u0142onek Komisji O\u015bwiaty, Kultury, Zdrowia i Kultury Fizycznej Rady Miejskiej oraz w Komisji Rozwoju Gminy w latach 2018-2024. Jestem dzia\u0142aczem zwi\u0105zkowym, aktualnie przewodnicz\u0105cym NSZZ \u201eSolidarno\u015b\u0107\u201d Pracownik\u00f3w O\u015bwiaty i Wychowania w Gminie Iwonicz-Zdr\u00f3j. Zosta\u0142em wybrany r\u00f3wnie\u017c na cz\u0142onka zarz\u0105du Komisji Mi\u0119dzyzak\u0142adowej oraz Sekcji Regionalnej NSZZ \u201eSolidarno\u015b\u0107\u201d Pracownik\u00f3w O\u015bwiaty i Wychowania w Kro\u015bnie.<\/p>\n<p><strong>Jolanta Zi\u0119ba. Okr\u0119g nr 11 Lubatowa<\/strong><\/p>\n<p>Od urodzenia mieszkam w Lubatowej. Jestem \u00a0\u017con\u0105 i matk\u0105 tr\u00f3jki dzieci, z wykszta\u0142cenia magistrem matematyki, pracownikiem Szko\u0142y Podstawowej\u00a0 w Lubatowej z ponad 25-letnim sta\u017cem. Ca\u0142ym sercem jestem oddana pracy na rzecz m\u0142odzie\u017cy, co jest widoczne w praktyce nauczania, jak r\u00f3wnie\u017c w organizacji wielu zielonych szk\u00f3\u0142, wycieczek szkolnych, nocy w szkole, ognisk i akcji patriotycznych. Pozyskanie \u015brodk\u00f3w finansowych z projektu \u201eR\u00f3wna\u0107 Szanse\u201d oraz Narodowego Banku Polskiego dowodzi mojego zaanga\u017cowania w inicjatywy wspieraj\u0105ce rozw\u00f3j spo\u0142eczno\u015bci m\u0142odzie\u017cy, a tak\u017ce pozytywnych zmian w obszarze edukacji i rozwoju spo\u0142eczno\u015bci lokalnej.<\/p>\n<p><strong>Konrad Kowalski. <\/strong><strong>Okr\u0119g nr 12 Lubatowa<\/strong><\/p>\n<p>Od urodzenia mieszkam w Lubatowej. Mam 44 lata. Jestem \u017conaty i mam dw\u00f3jk\u0119 doros\u0142ych dzieci. Obecnie jestem Radnym w Gminie Iwonicz-Zdr\u00f3j. Na co dzie\u0144 dzia\u0142am w Zwi\u0105zku Zawodowym \u201eSolidarno\u015b\u0107\u201d w firmie BWI Poland Krosno, piastuj\u0119 tam funkcj\u0119 przewodnicz\u0105cego Zwi\u0105zku. Interesuj\u0119 si\u0119 polityk\u0105 i sportem. B\u00f3g, Honor, Ojczyzna to warto\u015bci, z kt\u00f3rymi si\u0119 uto\u017csamiam. Dobro i bezpiecze\u0144stwo mieszka\u0144c\u00f3w naszej Gminy jest dla mnie najwa\u017cniejsze.<\/p>\n<p><strong>\u0141ukasz Zaj\u0105c. Okr\u0119g nr 13 Lubatowa<\/strong><\/p>\n<p>Mam 43 lata, jestem szcz\u0119\u015bliwym m\u0119\u017cem i ojcem tr\u00f3jki dzieci. Od urodzenia zwi\u0105zany jestem z Lubatow\u0105, nie nale\u017c\u0119 do partii politycznej. Interesuj\u0119 si\u0119 sportem, kultur\u0105 i muzyk\u0105. Dwukrotnie uczestniczy\u0142em w rozrywkowym programie telewizyjnym \u201eSzansa na Sukces\u201d, a co weekend, wraz z moim zespo\u0142em muzycznym \u201eOptymi\u015bci\u201d, bawimy go\u015bci na przyj\u0119ciach weselnych. Muzyczny gen odziedziczy\u0142y po mnie obie c\u00f3rki, wy\u015bpiewuj\u0105c najwa\u017cniejsze nagrody w konkursach wokalnych na szczeblu powiatowym. Syn od lat osi\u0105ga sukcesy w pi\u0142ce no\u017cnej, obecnie jako zawodnik \u201eStali Mielec\u201d, dru\u017cyny graj\u0105cej w Ekstraklasie. Od 2017 roku razem z \u017con\u0105 prowadzimy kwiaciarni\u0119 w naszej pi\u0119kniej miejscowo\u015bci. Jeste\u015bmy zwyk\u0142ymi, normalnymi lud\u017ami. Podobnie jak m\u00f3j Zesp\u00f3\u0142, jeste\u015bmy optymistami!<\/p>\n<p><strong>S\u0142awomir Kolak. <\/strong><strong>Okr\u0119g nr 14 Lubat\u00f3wka<\/strong><\/p>\n<p>Mam 39 lat. Od urodzenia mieszkam w Lubat\u00f3wce i zawsze bliskie by\u0142y mi tematy spo\u0142eczne. Jestem kawalerem. Interesuj\u0119 si\u0119 polityk\u0105 i sportem, szczeg\u00f3lnie siatk\u00f3wk\u0105. Uko\u0144czy\u0142em zasadnicz\u0105 szko\u0142\u0119 zawodow\u0105 w Kro\u015bnie. Moj\u0105 pierwsz\u0105 prac\u0105 by\u0142a praca w piekarni, w kt\u00f3rej przepracowa\u0142em 10 lat, nast\u0119pnie pracowa\u0142em w hucie szk\u0142a w Iwoniczu i Kro\u015bnie. Obecnie jestem zatrudniony w Domu Pomocy Spo\u0142ecznej Zakonu Bonifratr\u00f3w w Iwoniczu na stanowisku kucharza. Znam problemy naszej miejscowo\u015bci i gminy. Jako radny chcia\u0142bym s\u0142u\u017cy\u0107 mieszka\u0144com dla dobra i rozwoju naszej Ma\u0142ej Ojczyzny.<\/p>\n<p><strong>Piotr Aszklar. <\/strong><strong>Okr\u0119g nr 15 Lubat\u00f3wka<\/strong><\/p>\n<p>Mieszkam i pracuj\u0119 w Lubat\u00f3wce. Mam \u017con\u0119 i\u00a0 czw\u00f3rk\u0119 dzieci. Mieszkamy w domu jednorodzinnym usytuowanym pod adresem 73A, kt\u00f3ry w naszym posiadaniu jest od kilku pokole\u0144. Obecnie jestem Radnym Rady Miejskiej w Iwoniczu-Zdroju. Z wykszta\u0142cenia jestem in\u017cynierem, absolwentem Pa\u0144stwowej Wy\u017cszej Szko\u0142y Zawodowej w Kro\u015bnie na kierunku Mechanika i Budowa Maszyn, Eksploatacja i Konstrukcje Maszyn. Pracowa\u0142em jako zaopatrzeniowiec i sprzedawca w Sklepie Spo\u017cywczo-Przemys\u0142owym\/Bar u Bryczki w Lubat\u00f3wce, p\u00f3\u017aniej w Kro\u015bnie jako operator wprowadzania danych w firmie Mikrotech a nast\u0119pnie przez 14 lat jako operator numerycznej wycinarki laserowej w firmie SiP. Dalsz\u0105 przysz\u0142o\u015b\u0107 zwi\u0105za\u0142em z bran\u017c\u0105 ubezpieczeniow\u0105, pracuj\u0105c jako po\u015brednik ubezpieczeniowy w du\u017cych firmach. Prac\u0119 etatow\u0105 zako\u0144czy\u0142em w 2020 r. Wtedy za\u0142o\u017cy\u0142em w\u0142asn\u0105 dzia\u0142alno\u015b\u0107 gospodarcz\u0105 jako po\u015brednik ubezpieczeniowy, kt\u00f3ra trwa i dynamicznie si\u0119 rozwija. Moje biuro stacjonarne mie\u015bci si\u0119 na pocz\u0105tku miejscowo\u015bci Lubat\u00f3wka w budynku handlowo-us\u0142ugowym nad sklepem Delikatesy Centrum. Dzi\u0119ki temu jako Radny jestem dost\u0119pny dla wszystkich mieszka\u0144c\u00f3w w biurze przez pi\u0119\u0107 dni w tygodniu bez konieczno\u015bci wcze\u015bniejszego umawiania si\u0119. Zapraszam, ch\u0119tnie pomog\u0119!<\/p>\n<div class=\"entry-content\">\n<\/div>\n","protected":false},"excerpt":{"rendered":"<p>KANDYDACI DO RADY MIEJSKIEJ W IWONICZU-ZDROJU Karol Szurlej. Okr\u0119g nr 1 Iwonicz-Zdr\u00f3j Urodzi\u0142em si\u0119 w Rzeszowie w 1991 roku. Od &#8230;<\/p>\n","protected":false},"author":1,"featured_media":0,"parent":0,"menu_order":0,"comment_status":"open","ping_status":"open","template":"","meta":[],"_links":{"self":[{"href":"http:\/\/grzegorznieradka.pl\/index.php\/wp-json\/wp\/v2\/pages\/1094"}],"collection":[{"href":"http:\/\/grzegorznieradka.pl\/index.php\/wp-json\/wp\/v2\/pages"}],"about":[{"href":"http:\/\/grzegorznieradka.pl\/index.php\/wp-json\/wp\/v2\/types\/page"}],"author":[{"embeddable":true,"href":"http:\/\/grzegorznieradka.pl\/index.php\/wp-json\/wp\/v2\/users\/1"}],"replies":[{"embeddable":true,"href":"http:\/\/grzegorznieradka.pl\/index.php\/wp-json\/wp\/v2\/comments?post=1094"}],"version-history":[{"count":18,"href":"http:\/\/grzegorznieradka.pl\/index.php\/wp-json\/wp\/v2\/pages\/1094\/revisions"}],"predecessor-version":[{"id":3445,"href":"http:\/\/grzegorznieradka.pl\/index.php\/wp-json\/wp\/v2\/pages\/1094\/revisions\/3445"}],"wp:attachment":[{"href":"http:\/\/grzegorznieradka.pl\/index.php\/wp-json\/wp\/v2\/media?parent=1094"}],"curies":[{"name":"wp","href":"https:\/\/api.w.org\/{rel}","templated":true}]}}