{"id":710,"date":"2015-01-28T06:36:17","date_gmt":"2015-01-28T05:36:17","guid":{"rendered":"http:\/\/demo.wpcharming.com\/humanrights\/?page_id=121"},"modified":"2015-07-18T19:25:21","modified_gmt":"2015-07-18T17:25:21","slug":"banking-and-financial","status":"publish","type":"page","link":"http:\/\/grzegorznieradka.pl\/index.php\/banking-and-financial\/","title":{"rendered":"W mediach"},"content":{"rendered":"\n<div id=\"wpc_69de335b80897\" class=\"vc_row wpb_row vc_row-fluid  \">\n\t\t<div class=\"row_inner_wrapper  clearfix\" style=\"background-position: left top;background-repeat: no-repeat;padding-top: 0px;\">\n\t\t\t<div class=\"row_inner row_center_content clearfix\">\n\t<div class=\"vc_col-sm-12 wpb_column vc_column_container \">\n\t\t<div class=\"wpb_wrapper\">\n\t\t\t\n\t<div class=\"wpb_text_column wpb_content_element \">\n\t\t<div class=\"wpb_wrapper\">\n\t\t\t<p class=\"page-title\" style=\"text-align: justify;\">16.07.2015: <em><strong>terazKrosno.pl<\/strong><\/em>\u00a0<a href=\"http:\/\/www.terazkrosno.pl\/wiadomosci\/2025-spotkanie-z-ks-zaleskim-w-iwoniczu-zdroju\">Spotkanie z ks. Zaleskim w Iwoniczu-Zdroju<\/a><\/p>\n<p class=\"page-title\" style=\"text-align: justify;\">02.07.2015: <strong><em>terazKrosno.pl<\/em><\/strong>\u00a0<a href=\"http:\/\/www.terazkrosno.pl\/wiadomosci\/1974-ksiadz-tadeusz-isakowicz-zaleski-w-iwoniczu-zdroju\">Ksi\u0105dz Tadeusz Isakowicz-Zaleski w Iwoniczu-Zdroju<\/a><\/p>\n<p class=\"page-title\" style=\"text-align: justify;\">02.07.2015: <em><strong>solidarni2010.pl\u00a0<\/strong><\/em><a href=\"http:\/\/www.solidarni2010.pl\/31326-iwonicz-zdroj--zaproszenie-na-spotkanie-z-ks-tadeuszem-isakowiczem-zaleskim.html\">Iwonicz Zdr\u00f3j- Zaproszenie na spotkanie z ks. Tadeuszem Isakowiczem-Zaleskim<\/a><\/p>\n<p class=\"page-title\" style=\"text-align: justify;\">02.03.2015: <em><strong>krosno.naszemiasto.pl\u00a0<\/strong><\/em><a href=\"http:\/\/krosno.naszemiasto.pl\/artykul\/bialo-czerwony-marsz-mieszkancow-iwonicza-w-narodowy-dzien,3298773,artgal,t,id,tm.html\">Bia\u0142o-czerwony marsz mieszka\u0144c\u00f3w Iwonicza w Narodowy Dzie\u0144 Pami\u0119ci \u017bo\u0142nierzy Wykl\u0119tych<\/a><\/p>\n<p class=\"page-title\" style=\"text-align: justify;\">02.03.2015: <strong><em>solidarni2010.pl<\/em><\/strong>\u00a0<a href=\"http:\/\/www.solidarni2010.pl\/30297-iwonicz-zdroj--relacjanbspnbspze-spolecznych-obchodow-narodowego-dnia-pamieci-zolnierzy-wykletych.html\">IWONICZ ZDR\u00d3J- relacja\u00a0\u00a0ze Spo\u0142ecznych Obchod\u00f3w Narodowego Dnia Pami\u0119ci \u017bo\u0142nierzy Wykl\u0119tych<\/a><\/p>\n<p class=\"page-title\" style=\"text-align: justify;\">02.03.2015: <strong><em>terazKrosno.pl<\/em><\/strong>\u00a0<a href=\"http:\/\/www.terazkrosno.pl\/wiadomosci\/1556-uczcili-pamiec-zolnierzy-wykletych\">Uczcili pami\u0119\u0107 \u017bo\u0142nierzy Wykl\u0119tych<\/a><\/p>\n<p class=\"page-title\" style=\"text-align: justify;\">26.02.2015: <em><strong>krosnoCity.pl<\/strong><\/em>\u00a0<a href=\"http:\/\/www.krosnocity.pl\/index.php\/aktualnosci\/fakty\/region\/item\/12039-1-marca-obchody-narodowego-dnia-pamieci-zolnierzy-wykletych-w-iwoniczu.html?highlight=WyJncnplZ29yeiIsIm5pZXJhZGthIiwiZ3J6ZWdvcnogbmllcmFka2EiXQ==\">1 marca obchody Narodowego Dnia Pami\u0119ci \u017bo\u0142nierzy Wykl\u0119tych w Iwoniczu<\/a><\/p>\n<p class=\"page-title\" style=\"text-align: justify;\">21.02.2015: <strong><em>terazKrosno.pl<\/em><\/strong>\u00a0<a href=\"http:\/\/www.terazkrosno.pl\/wiadomosci\/1525-w-iwoniczu-uczcza-zolnierzy-wykletych\">W Iwoniczu uczcz\u0105 \u017bo\u0142nierzy Wykl\u0119tych<\/a><\/p>\n<p class=\"page-title\" style=\"text-align: justify;\">08.01.2015: <strong><em>terazKrosno.pl<\/em><\/strong>\u00a0<a href=\"http:\/\/www.terazkrosno.pl\/wiadomosci\/1395-orszak-trzech-kroli-przeszedl-przez-iwonicz\">Orszak Trzech Kr\u00f3li przeszed\u0142 przez Iwonicz<\/a><\/p>\n<p class=\"page-title\" style=\"text-align: justify;\">08.01.2015: <em><strong>krosno.naszemiasto.pl\u00a0<\/strong><\/em><a href=\"http:\/\/krosno.naszemiasto.pl\/artykul\/orszak-trzech-kroli-po-raz-pierwszy-w-iwoniczu-zdjecia,2695206,artgal,t,id,tm.html\">Orszak Trzech Kr\u00f3li po raz pierwszy w Iwoniczu [ZDJ\u0118CIA]<\/a><\/p>\n<p class=\"page-title\" style=\"text-align: justify;\">23.11.2014: <em><strong>7dni.info\u00a0<\/strong><\/em><a href=\"http:\/\/www.7dni.info\/news\/publiczne\/wybory\/14112301.html\">Oficjalny podzia\u0142 mandat\u00f3w w radach Krosna i powiatu kro\u015bnie\u0144skiego<\/a><\/p>\n<p class=\"page-title\" style=\"text-align: justify;\">17.11.2014: <em><strong>terazKrosno.pl\u00a0<\/strong><\/em><a href=\"http:\/\/www.terazkrosno.pl\/wiadomosci\/1211-wyniki-wyborow\">Wyniki wybor\u00f3w<\/a><\/p>\n<p class=\"page-title\" style=\"text-align: justify;\">17.02.2014: <strong><em>krakow.gosc.pl<\/em><\/strong>\u00a0<a href=\"http:\/\/krakow.gosc.pl\/doc\/1888477.Warta-dla-pulkownika\">Warta dla pu\u0142kownika<\/a><\/p>\n<p class=\"page-title\" style=\"text-align: justify;\">17.02.2014: <strong><em>naszdziennik.pl<\/em><\/strong>\u00a0<a href=\"http:\/\/www.naszdziennik.pl\/polska-kraj\/68483,warta-przy-plk-kuklinskim.html\">Warta przy p\u0142k. Kukli\u0144skim<\/a><\/p>\n<p class=\"page-title\" style=\"text-align: justify;\">17.02.2014: <em><strong>wPolityce.pl<\/strong><\/em>\u00a0<a href=\"http:\/\/wpolityce.pl\/polityka\/185817-patrz-tato-jack-strongw-krakowie-odbyla-sie-obywatelska-warta-honorowa-dla-pulkownika-kuklinskiego-zobacz-zdjecia\">\u201ePatrz tato, Jack Strong!\u201d.W Krakowie odby\u0142a si\u0119 obywatelska warta honorowa dla Pu\u0142kownika Kukli\u0144skiego. ZOBACZ ZDJ\u0118CIA<\/a><\/p>\n<p class=\"page-title\" style=\"text-align: justify;\">17.02.2014: <em><strong>wawelskigrod.pl<\/strong><\/em>\u00a0<a href=\"http:\/\/wawelskigrod.pl\/choc-medalu-nie-zdobyl-tez-cos-zrobil-dla-polski\/\">Cho\u0107 medalu nie zdoby\u0142, te\u017c co\u015b zrobi\u0142 dla Polski!<\/a><\/p>\n<p class=\"page-title\" style=\"text-align: justify;\">17.02.2014: <strong><em>niezalezna.pl<\/em><\/strong>\u00a0<a href=\"http:\/\/niezalezna.pl\/51949-warta-honorowa-obroni-bohatera-apel-po-dewastacji-popiersia-plk-kuklinskiego\">Warta Honorowa obronie bohatera. Apel po dewastacji popiersia p\u0142k. Kukli\u0144skiego<\/a><\/p>\n<p class=\"page-title\" style=\"text-align: justify;\">16.02.2014: <strong><em>wawelskigrod.pl<\/em><\/strong>\u00a0<a href=\"http:\/\/wawelskigrod.pl\/nie-zaciagnelismy-warty-z-obowiazku-lecz-z-poczucia-obowiazku-a-to-jest-wielka-sprawa\/\">\u201eNie zaci\u0105gn\u0119li\u015bmy warty z obowi\u0105zku, lecz z poczucia obowi\u0105zku, a to jest wielka sprawa\u201d<\/a><\/p>\n<p class=\"page-title\" style=\"text-align: justify;\">16.02.2013: <em><strong>wPolityce.pl\u00a0<\/strong><\/em><a href=\"http:\/\/wpolityce.pl\/polityka\/151194-warta-honorowa-przy-pomniku-inki-niedziela-godz-1400\">Warta honorowa przy pomniku &#8222;Inki&#8221; &#8211; niedziela, godz. 14:00<\/a><\/p>\n<p class=\"page-title\" style=\"text-align: justify;\">15.02.2014: <strong><em>telewizjarepublika.pl<\/em><\/strong>\u00a0<a href=\"http:\/\/telewizjarepublika.pl\/obywatelska-warta-honorowa-dla-plk-kuklinskiego-w-krakowie,4115.html\">Obywatelska Warta Honorowa dla p\u0142k. Kukli\u0144skiego w Krakowie<\/a><\/p>\n<p class=\"page-title\" style=\"text-align: justify;\">14.02.2014: <em><strong>wawelskigrod.pl<\/strong><\/em>\u00a0<a href=\"http:\/\/wawelskigrod.pl\/obywatelska-warta-honorowa-dla-plk-ryszarda-kuklinskiego-w-parku-jordana\/\">Obywatelska Warta Honorowa dla p\u0142k. Ryszarda Kukli\u0144skiego w Parku Jordana<\/a><\/p>\n<p class=\"page-title\" style=\"text-align: justify;\">10.10.2013: <em><strong>wPolityce.pl\u00a0<\/strong><\/em><a href=\"http:\/\/wpolityce.pl\/polityka\/166924-ponad-cztery-i-pol-tysiaca-osob-podpisalo-otwarty-list-solidarnosci-z-naukowcami-badajacymi-katastrofe-smolenska-dziekujemy\">Ponad cztery i p\u00f3\u0142 tysi\u0105ca os\u00f3b podpisa\u0142o otwarty list SOLIDARNO\u015aCI z naukowcami badaj\u0105cymi katastrof\u0119 smole\u0144sk\u0105. Dzi\u0119kujemy!<\/a><\/p>\n<p class=\"page-title\" style=\"text-align: justify;\">21.04.2014: <em><strong>wPolityce.pl<\/strong><\/em>\u00a0<a href=\"http:\/\/wpolityce.pl\/polityka\/155801-brawo-tychy-to-kolejne-miasto-w-ktorym-odslonieto-pomnik-ofiar-katastrofy-smolenskiej\">Brawo Tychy! To kolejne miasto, w kt\u00f3rym ods\u0142oni\u0119to pomnik Ofiar Katastrofy Smole\u0144skiej<\/a><\/p>\n<p class=\"page-title\" style=\"text-align: justify;\">2.03.2013: <em><strong>wPolityce.pl\u00a0<\/strong><\/em><a href=\"http:\/\/wpolityce.pl\/polityka\/152228-tulipany-dla-pierwszej-damy-10-marca-2013-przybywajmy-na-wawel-by-zlozyc-kwiaty-na-sarkofagu-marii-i-lecha-kaczynskich\">Tulipany dla Pierwszej Damy. 10 marca 2013 przybywajmy na Wawel, by z\u0142o\u017cy\u0107 kwiaty na sarkofagu Marii i Lecha Kaczy\u0144skich<\/a><\/p>\n<p class=\"page-title\" style=\"text-align: justify;\">17.02.2013: <strong><em>krakow.gosc.pl<\/em><\/strong>\u00a0<a href=\"http:\/\/krakow.gosc.pl\/doc\/1459773.Warta-przy-Ince\">Warta przy \u201eInce\u201d<\/a><\/p>\n<p class=\"page-title\" style=\"text-align: justify;\">17.02.2013: <strong><em>wPolityce.pl<\/em><\/strong>\u00a0<a href=\"http:\/\/wpolityce.pl\/polityka\/151247-warta-honorowa-przy-zdewastowanym-pomniku-inki-w-patriotycznym-parku-jordana-fotorelacja-jozefa-wieczorka\">Warta Honorowa przy zdewastowanym pomniku \u201eInki\u201d w Patriotycznym Parku Jordana. Fotorelacja J\u00f3zefa Wieczorka<\/a><\/p>\n<p class=\"page-title\" style=\"text-align: justify;\">17.02.2013: <strong><em>niezalezna.pl<\/em><\/strong>\u00a0<a href=\"http:\/\/niezalezna.pl\/38543-zaciagneli-warte-honorowa-przy-pomniku-siedzikowny\">Zaci\u0105gn\u0119li wart\u0119 honorow\u0105 przy pomniku Siedzik\u00f3wny<\/a><\/p>\n<p class=\"page-title\" style=\"text-align: justify;\">17.02.2013: <strong><em>niezalezna.pl<\/em><\/strong>\u00a0<a href=\"http:\/\/niezalezna.pl\/38520-warta-honorowa-przy-pomniku-inki\">Warta honorowa przy pomniku &#8222;Inki&#8221;<\/a><\/p>\n<p class=\"page-title\" style=\"text-align: justify;\">17.02.2013: <em><strong>wPolityce.pl<\/strong><\/em>\u00a0<a href=\"http:\/\/wpolityce.pl\/polityka\/151215-krakowska-warta-honorowa-dla-polski-dla-bohaterskiej-inki-dzis-godz-1400\">Krakowska Warta Honorowa: Dla Polski, dla Bohaterskiej Inki. Dzi\u015b, godz. 14:00<\/a><\/p>\n<p class=\"page-title\" style=\"text-align: justify;\">15.09.2012: <em><strong>wPolityce.pl<\/strong><\/em>\u00a0<a href=\"http:\/\/wpolityce.pl\/polityka\/140193-czytamy-obciachowe-gazety-przyjdz-15-wrzesnia-o-godz-1200-na-rynku-w-krakowie\">\u201eCzytamy obciachowe gazety\u201d. Przyjd\u017a! 15 wrze\u015bnia o godz. 12.00 na Rynku w Krakowie<\/a><\/p>\n<p class=\"page-title\" style=\"text-align: justify;\">05.08.2012: <em><strong>wPolityce.pl<\/strong><\/em>\u00a0<a href=\"http:\/\/wpolityce.pl\/polityka\/137363-oswiadczenie-w-sprawie-wyroku-na-antoniego-macierewicza-wyrok-sadu-nosi-znamiona-zemsty-politycznej-za-rozwiazanie-wsi\">O\u015bwiadczenie w sprawie wyroku na Antoniego Macierewicza. &#8222;Wyrok s\u0105du nosi znamiona zemsty politycznej za rozwi\u0105zanie WSI&#8221;<\/a><\/p>\n<p class=\"page-title\" style=\"text-align: justify;\">26.03.2012: <em><strong>wPolityce.pl<\/strong><\/em>\u00a0<a href=\"http:\/\/wpolityce.pl\/polityka\/129379-fm-pis-powiatu-krosnienskiego-tak-jak-protestujacy-jestem-zaniepokojony-zmianami-zachodzacymi-w-oswiacie\">FM PiS powiatu kro\u015bnie\u0144skiego. &#8222;Tak jak protestuj\u0105cy jestem zaniepokojony zmianami zachodz\u0105cymi w o\u015bwiacie&#8221;<\/a><\/p>\n\n\t\t<\/div> \n\t<\/div> \n\t\t<\/div> \n\t<\/div> \n\n\t\t\t<\/div>\n\t\t<\/div>\n<\/div>\n","protected":false},"excerpt":{"rendered":"<p>Obermayer attorneys regularly work for financial institutions located throughout the Mid-Atlantic region and beyond.<\/p>\n","protected":false},"author":1,"featured_media":0,"parent":0,"menu_order":0,"comment_status":"open","ping_status":"closed","template":"","meta":[],"_links":{"self":[{"href":"http:\/\/grzegorznieradka.pl\/index.php\/wp-json\/wp\/v2\/pages\/710"}],"collection":[{"href":"http:\/\/grzegorznieradka.pl\/index.php\/wp-json\/wp\/v2\/pages"}],"about":[{"href":"http:\/\/grzegorznieradka.pl\/index.php\/wp-json\/wp\/v2\/types\/page"}],"author":[{"embeddable":true,"href":"http:\/\/grzegorznieradka.pl\/index.php\/wp-json\/wp\/v2\/users\/1"}],"replies":[{"embeddable":true,"href":"http:\/\/grzegorznieradka.pl\/index.php\/wp-json\/wp\/v2\/comments?post=710"}],"version-history":[{"count":24,"href":"http:\/\/grzegorznieradka.pl\/index.php\/wp-json\/wp\/v2\/pages\/710\/revisions"}],"predecessor-version":[{"id":1335,"href":"http:\/\/grzegorznieradka.pl\/index.php\/wp-json\/wp\/v2\/pages\/710\/revisions\/1335"}],"wp:attachment":[{"href":"http:\/\/grzegorznieradka.pl\/index.php\/wp-json\/wp\/v2\/media?parent=710"}],"curies":[{"name":"wp","href":"https:\/\/api.w.org\/{rel}","templated":true}]}}