{"id":703,"date":"2015-01-27T01:31:33","date_gmt":"2015-01-27T01:31:33","guid":{"rendered":"http:\/\/demo.wpcharming.com\/humanrights\/?page_id=6"},"modified":"2024-03-23T00:26:05","modified_gmt":"2024-03-22T23:26:05","slug":"ted-wells","status":"publish","type":"page","link":"https:\/\/grzegorznieradka.pl\/","title":{"rendered":"Home"},"content":{"rendered":"<div id=\"wpc_69f9d7a1aae87\" class=\"vc_row wpb_row vc_row-fluid  \">\n\t\t<div class=\"row_inner_wrapper  clearfix\" style=\"background-position: left top;background-repeat: no-repeat;margin-top: -60px;padding-bottom: 0px;\">\n\t\t\t<div class=\"row_inner row_fullwidth_content clearfix\">\n\t<div class=\"vc_col-sm-12 wpb_column vc_column_container \">\n\t\t<div class=\"wpb_wrapper\">\n\t\t\t<div class=\"wpb_revslider_element wpb_content_element\">\n<div id=\"rev_slider_1_1_wrapper\" class=\"rev_slider_wrapper fullwidthbanner-container\" style=\"margin:0px auto;padding:0px;margin-top:0px;margin-bottom:0px;max-height:375px;\">\n<!-- START REVOLUTION SLIDER 4.6.9 fullwidth mode -->\n\t<div id=\"rev_slider_1_1\" class=\"rev_slider fullwidthabanner\" style=\"display:none;background-image:url(http:\/\/demo.wpcharming.com\/humanrights\/wp-content\/);background-repeat:no-repeat;background-fit:cover;background-position:left bottom;max-height:375px;height:375px;\">\n<ul>\t<!-- SLIDE  -->\n\t<li data-transition=\"random\" data-slotamount=\"7\" data-thumb=\"https:\/\/grzegorznieradka.pl\/wp-content\/uploads\/2024\/03\/Krzysztof-Antosz-0142-1-scaled-320x200.jpg\"  data-fstransition=\"fade\" data-fsmasterspeed=\"300\" data-fsslotamount=\"7\" data-saveperformance=\"off\"  data-title=\"Slide\">\n\t\t<!-- MAIN IMAGE -->\n\t\t<img src=\"https:\/\/grzegorznieradka.pl\/wp-content\/uploads\/2024\/03\/Krzysztof-Antosz-0142-1-scaled.jpg\"  alt=\"Krzysztof-Antosz-0142-1-scaled\"  data-bgposition=\"center top\" data-bgfit=\"cover\" data-bgrepeat=\"no-repeat\">\n\t\t<!-- LAYERS -->\n\t<\/li>\n\t<!-- SLIDE  -->\n\t<li data-transition=\"random\" data-slotamount=\"7\" data-thumb=\"https:\/\/grzegorznieradka.pl\/wp-content\/uploads\/2024\/03\/DJI_0444.MP4.00_03_07_28.Still003-scaled-320x200.jpg\"  data-saveperformance=\"off\"  data-title=\"Slide\">\n\t\t<!-- MAIN IMAGE -->\n\t\t<img src=\"https:\/\/grzegorznieradka.pl\/wp-content\/uploads\/2024\/03\/DJI_0444.MP4.00_03_07_28.Still003-scaled.jpg\"  alt=\"DJI_0444.MP4.00_03_07_28.Still003-scaled\"  data-bgposition=\"center top\" data-bgfit=\"cover\" data-bgrepeat=\"no-repeat\">\n\t\t<!-- LAYERS -->\n\t<\/li>\n\t<!-- SLIDE  -->\n\t<li data-transition=\"random\" data-slotamount=\"7\" data-thumb=\"https:\/\/grzegorznieradka.pl\/wp-content\/uploads\/2024\/03\/DJI_0400.MP4.00_02_05_08.Still004-scaled-320x200.jpg\"  data-saveperformance=\"off\"  data-title=\"Slide\">\n\t\t<!-- MAIN IMAGE -->\n\t\t<img src=\"https:\/\/grzegorznieradka.pl\/wp-content\/uploads\/2024\/03\/DJI_0400.MP4.00_02_05_08.Still004-scaled.jpg\"  alt=\"DJI_0400.MP4.00_02_05_08.Still004-scaled\"  data-bgposition=\"center top\" data-bgfit=\"cover\" data-bgrepeat=\"no-repeat\">\n\t\t<!-- LAYERS -->\n\t<\/li>\n\t<!-- SLIDE  -->\n\t<li data-transition=\"random\" data-slotamount=\"7\" data-thumb=\"https:\/\/grzegorznieradka.pl\/wp-content\/uploads\/2024\/03\/IMG_4794-scaled-320x200.jpg\"  data-saveperformance=\"off\"  data-title=\"Slide\">\n\t\t<!-- MAIN IMAGE -->\n\t\t<img src=\"https:\/\/grzegorznieradka.pl\/wp-content\/uploads\/2024\/03\/IMG_4794-scaled.jpg\"  alt=\"IMG_4794-scaled\"  data-bgposition=\"center top\" data-bgfit=\"cover\" data-bgrepeat=\"no-repeat\">\n\t\t<!-- LAYERS -->\n\t<\/li>\n\t<!-- SLIDE  -->\n\t<li data-transition=\"random\" data-slotamount=\"7\" data-thumb=\"https:\/\/grzegorznieradka.pl\/wp-content\/uploads\/2024\/03\/IMG_0307-2-320x200.jpg\"  data-saveperformance=\"off\"  data-title=\"Slide\">\n\t\t<!-- MAIN IMAGE -->\n\t\t<img src=\"https:\/\/grzegorznieradka.pl\/wp-content\/uploads\/2024\/03\/IMG_0307-2.jpg\"  alt=\"IMG_0307-2\"  data-bgposition=\"center top\" data-bgfit=\"cover\" data-bgrepeat=\"no-repeat\">\n\t\t<!-- LAYERS -->\n\t<\/li>\n\t<!-- SLIDE  -->\n\t<li data-transition=\"random\" data-slotamount=\"7\" data-thumb=\"https:\/\/grzegorznieradka.pl\/wp-content\/uploads\/2024\/03\/Paulina-Domaradzka-xxx-1-scaled-320x200.jpg\"  data-saveperformance=\"off\"  data-title=\"Slide\">\n\t\t<!-- MAIN IMAGE -->\n\t\t<img src=\"https:\/\/grzegorznieradka.pl\/wp-content\/uploads\/2024\/03\/Paulina-Domaradzka-xxx-1-scaled.jpg\"  alt=\"Paulina-Domaradzka-xxx-1-scaled\"  data-bgposition=\"center top\" data-bgfit=\"cover\" data-bgrepeat=\"no-repeat\">\n\t\t<!-- LAYERS -->\n\t<\/li>\n<\/ul>\n<div class=\"tp-bannertimer tp-bottom\" style=\"visibility: hidden !important;\"><\/div>\t<\/div>\n\t\t\t\n\n\t\t\t<style scoped><\/style>\n\n\t\t\t<script type=\"text\/javascript\">\n\n\t\t\t\t\/******************************************\n\t\t\t\t\t-\tPREPARE PLACEHOLDER FOR SLIDER\t-\n\t\t\t\t******************************************\/\n\t\t\t\t\n\n\t\t\t\tvar setREVStartSize = function() {\n\t\t\t\t\tvar\ttpopt = new Object();\n\t\t\t\t\t\ttpopt.startwidth = 1130;\n\t\t\t\t\t\ttpopt.startheight = 375;\n\t\t\t\t\t\ttpopt.container = jQuery('#rev_slider_1_1');\n\t\t\t\t\t\ttpopt.fullScreen = \"off\";\n\t\t\t\t\t\ttpopt.forceFullWidth=\"off\";\n\n\t\t\t\t\ttpopt.container.closest(\".rev_slider_wrapper\").css({height:tpopt.container.height()});tpopt.width=parseInt(tpopt.container.width(),0);tpopt.height=parseInt(tpopt.container.height(),0);tpopt.bw=tpopt.width\/tpopt.startwidth;tpopt.bh=tpopt.height\/tpopt.startheight;if(tpopt.bh>tpopt.bw)tpopt.bh=tpopt.bw;if(tpopt.bh<tpopt.bw)tpopt.bw=tpopt.bh;if(tpopt.bw<tpopt.bh)tpopt.bh=tpopt.bw;if(tpopt.bh>1){tpopt.bw=1;tpopt.bh=1}if(tpopt.bw>1){tpopt.bw=1;tpopt.bh=1}tpopt.height=Math.round(tpopt.startheight*(tpopt.width\/tpopt.startwidth));if(tpopt.height>tpopt.startheight&&tpopt.autoHeight!=\"on\")tpopt.height=tpopt.startheight;if(tpopt.fullScreen==\"on\"){tpopt.height=tpopt.bw*tpopt.startheight;var cow=tpopt.container.parent().width();var coh=jQuery(window).height();if(tpopt.fullScreenOffsetContainer!=undefined){try{var offcontainers=tpopt.fullScreenOffsetContainer.split(\",\");jQuery.each(offcontainers,function(e,t){coh=coh-jQuery(t).outerHeight(true);if(coh<tpopt.minFullScreenHeight)coh=tpopt.minFullScreenHeight})}catch(e){}}tpopt.container.parent().height(coh);tpopt.container.height(coh);tpopt.container.closest(\".rev_slider_wrapper\").height(coh);tpopt.container.closest(\".forcefullwidth_wrapper_tp_banner\").find(\".tp-fullwidth-forcer\").height(coh);tpopt.container.css({height:\"100%\"});tpopt.height=coh;}else{tpopt.container.height(tpopt.height);tpopt.container.closest(\".rev_slider_wrapper\").height(tpopt.height);tpopt.container.closest(\".forcefullwidth_wrapper_tp_banner\").find(\".tp-fullwidth-forcer\").height(tpopt.height);}\n\t\t\t\t};\n\n\t\t\t\t\/* CALL PLACEHOLDER *\/\n\t\t\t\tsetREVStartSize();\n\n\n\t\t\t\tvar tpj=jQuery;\n\t\t\t\ttpj.noConflict();\n\t\t\t\tvar revapi1;\n\n\t\t\t\ttpj(document).ready(function() {\n\n\t\t\t\tif(tpj('#rev_slider_1_1').revolution == undefined){\n\t\t\t\t\trevslider_showDoubleJqueryError('#rev_slider_1_1');\n\t\t\t\t}else{\n\t\t\t\t   revapi1 = tpj('#rev_slider_1_1').show().revolution(\n\t\t\t\t\t{\t\n\t\t\t\t\t\t\t\t\t\t\t\tdottedOverlay:\"none\",\n\t\t\t\t\t\tdelay:9000,\n\t\t\t\t\t\tstartwidth:1130,\n\t\t\t\t\t\tstartheight:375,\n\t\t\t\t\t\thideThumbs:10,\n\n\t\t\t\t\t\tthumbWidth:100,\n\t\t\t\t\t\tthumbHeight:50,\n\t\t\t\t\t\tthumbAmount:5,\n\t\t\t\t\t\t\n\t\t\t\t\t\t\t\t\t\t\t\t\n\t\t\t\t\t\tsimplifyAll:\"off\",\n\n\t\t\t\t\t\tnavigationType:\"none\",\n\t\t\t\t\t\tnavigationArrows:\"none\",\n\t\t\t\t\t\tnavigationStyle:\"preview4\",\n\n\t\t\t\t\t\ttouchenabled:\"on\",\n\t\t\t\t\t\tonHoverStop:\"on\",\n\t\t\t\t\t\tnextSlideOnWindowFocus:\"off\",\n\n\t\t\t\t\t\tswipe_threshold: 75,\n\t\t\t\t\t\tswipe_min_touches: 1,\n\t\t\t\t\t\tdrag_block_vertical: false,\n\t\t\t\t\t\t\n\t\t\t\t\t\t\t\t\t\t\t\t\n\t\t\t\t\t\t\t\t\t\t\t\t\n\t\t\t\t\t\tkeyboardNavigation:\"on\",\n\n\t\t\t\t\t\tnavigationHAlign:\"center\",\n\t\t\t\t\t\tnavigationVAlign:\"bottom\",\n\t\t\t\t\t\tnavigationHOffset:0,\n\t\t\t\t\t\tnavigationVOffset:20,\n\n\t\t\t\t\t\tsoloArrowLeftHalign:\"left\",\n\t\t\t\t\t\tsoloArrowLeftValign:\"center\",\n\t\t\t\t\t\tsoloArrowLeftHOffset:20,\n\t\t\t\t\t\tsoloArrowLeftVOffset:0,\n\n\t\t\t\t\t\tsoloArrowRightHalign:\"right\",\n\t\t\t\t\t\tsoloArrowRightValign:\"center\",\n\t\t\t\t\t\tsoloArrowRightHOffset:20,\n\t\t\t\t\t\tsoloArrowRightVOffset:0,\n\n\t\t\t\t\t\tshadow:0,\n\t\t\t\t\t\tfullWidth:\"on\",\n\t\t\t\t\t\tfullScreen:\"off\",\n\n\t\t\t\t\t\t\t\t\t\t\t\tspinner:\"spinner2\",\n\t\t\t\t\t\t\t\t\t\t\t\t\n\t\t\t\t\t\tstopLoop:\"on\",\n\t\t\t\t\t\tstopAfterLoops:0,\n\t\t\t\t\t\tstopAtSlide:0,\n\n\t\t\t\t\t\tshuffle:\"off\",\n\n\t\t\t\t\t\tautoHeight:\"off\",\n\t\t\t\t\t\tforceFullWidth:\"off\",\n\t\t\t\t\t\t\n\t\t\t\t\t\t\n\t\t\t\t\t\thideTimerBar:\"on\",\n\t\t\t\t\t\thideThumbsOnMobile:\"off\",\n\t\t\t\t\t\thideNavDelayOnMobile:1500,\n\t\t\t\t\t\thideBulletsOnMobile:\"off\",\n\t\t\t\t\t\thideArrowsOnMobile:\"off\",\n\t\t\t\t\t\thideThumbsUnderResolution:0,\n\n\t\t\t\t\t\t\t\t\t\t\t\thideSliderAtLimit:0,\n\t\t\t\t\t\thideCaptionAtLimit:0,\n\t\t\t\t\t\thideAllCaptionAtLilmit:0,\n\t\t\t\t\t\tstartWithSlide:0\t\t\t\t\t});\n\n\n\n\t\t\t\t\t\t\t\t\t}\n\t\t\t\t});\t\/*ready*\/\n\n\t\t\t<\/script>\n\n\n\t\t\t<style type=\"text\/css\">\n\t#rev_slider_1_1_wrapper .tp-loader.spinner2{ background-color: #000000 !important; }\n<\/style>\n<\/div><!-- END REVOLUTION SLIDER --><\/div>\n\n\t\t<\/div> \n\t<\/div> \n\n\t\t\t<\/div>\n\t\t<\/div>\n<\/div>\n<div id=\"wpc_69f9d7a1af810\" class=\"vc_row wpb_row vc_row-fluid  inverted-row\">\n\t\t<div class=\"row_inner_wrapper  clearfix\" style=\"background-position: left top;background-repeat: no-repeat;padding-top: 30px;padding-bottom: 30px;\">\n\t\t\t<div class=\"row_inner container clearfix\">\n\t\t\t\t<div class=\"row_full_center_content clearfix\">\n\t<div class=\"vc_col-sm-9 mobile-center wpb_column vc_column_container \">\n\t\t<div class=\"wpb_wrapper\">\n\t\t\t\n\t<div class=\"wpb_text_column wpb_content_element \">\n\t\t<div class=\"wpb_wrapper\">\n\t\t\t<p><\/p>\n\n\t\t<\/div> \n\t<\/div> \n\t\t<\/div> \n\t<\/div> \n\n\t<div class=\"vc_col-sm-3 mobile-center wpb_column vc_column_container \">\n\t\t<div class=\"wpb_wrapper\">\n\t\t\t\n\t<div class=\"wpb_text_column wpb_content_element \">\n\t\t<div class=\"wpb_wrapper\">\n\t\t\t<p><\/p>\n\n\t\t<\/div> \n\t<\/div> \n\t\t<\/div> \n\t<\/div> \n\n\t\t\t\t<\/div>\n\t\t\t<\/div>\n\t\t<\/div>\n<\/div>\n<div id=\"wpc_69f9d7a1b06c8\" class=\"vc_row wpb_row vc_row-fluid  \">\n\t\t<div class=\"row_inner_wrapper  clearfix\" style=\"background-position: left top;background-repeat: no-repeat;padding-top: 60px;padding-bottom: 20px;\">\n\t\t\t<div class=\"row_inner container clearfix\">\n\t\t\t\t<div class=\"row_full_center_content clearfix\">\n\t<div class=\"vc_col-sm-8 wpb_column vc_column_container \">\n\t\t<div class=\"wpb_wrapper\">\n\t\t\t<!-- vc_grid start -->\n<div class=\"vc_grid-container vc_row vc_clearfix wpb_content_element vc_basic_grid\"\n     data-vc-grid-settings=\"{&quot;page_id&quot;:703,&quot;style&quot;:&quot;all&quot;,&quot;action&quot;:&quot;vc_get_vc_grid_data&quot;,&quot;animation_in&quot;:&quot;zoomIn&quot;,&quot;shortcode_id&quot;:&quot;1435961686700-a429ebe0-c769-2&quot;,&quot;tag&quot;:&quot;vc_basic_grid&quot;}\"\n     data-vc-request=\"\/wp-admin\/admin-ajax.php\"\n     data-vc-post-id=\"703\">\n<\/div><!-- vc_grid end -->\n\n\t\t<\/div> \n\t<\/div> \n\n\t<div class=\"vc_col-sm-4 wpb_column vc_column_container \">\n\t\t<div class=\"wpb_wrapper\">\n\t\t\t\n\t<div class=\"custom-heading wpb_content_element \" style=\"margin-top: -10px;\">\n\t\t<h2 class=\"heading-title\" >Szanowni Pa\u0144stwo! <\/h2>\n\t\t<span class=\"heading-line primary\"><\/span>\n\t<\/div>\n\t<div class=\"wpb_text_column wpb_content_element \">\n\t\t<div class=\"wpb_wrapper\">\n\t\t\t<div class=\"large-4 columns\">\n<p style=\"text-align: justify;\"><strong>Decyzj\u0119 o kandydowaniu na urz\u0105d Burmistrza podj\u0105\u0142em z kilku powod\u00f3w. Jednym z najwa\u017cniejszych by\u0142o silne oczekiwanie spo\u0142eczne dokonania pozytywnych zmian w naszej gminie. Drugi pow\u00f3d to konieczno\u015b\u0107 przygotowania naszego samorz\u0105du do dziejowej szansy rozwojowej, kt\u00f3ra nast\u0105pi w chwili uruchomienia trasy szybkiego ruchu S19, co musi wi\u0105za\u0107 si\u0119 z gotowo\u015bci\u0105 na przyj\u0119cie potencjalnych inwestor\u00f3w i turyst\u00f3w. Wreszcie ostatni bardzo wa\u017cny pow\u00f3d to konieczno\u015b\u0107 odbudowania Wsp\u00f3lnoty. <\/strong><\/p>\n<p style=\"text-align: justify;\"><strong>Uwzgl\u0119dniaj\u0105c powy\u017csze motywacje, wraz z kandydatami do Rady Miejskiej, przygotowali\u015bmy profesjonalny Program Rozwoju, w kt\u00f3rym uwzgl\u0119dnili\u015bmy najwa\u017cniejsze potrzeby, grupuj\u0105c je w obszarach tematycznych: ochrona zdrowia, polityka prorodzinna, m\u0142odzie\u017cowa, senioralna, infrastruktura i rozw\u00f3j, edukacja, kultura, sport, turystyka, ekologia i opieka nad zwierz\u0119tami, spo\u0142ecze\u0144stwo obywatelskie, bezpiecze\u0144stwo i program dla OSP oraz wsp\u00f3\u0142praca mi\u0119dzygminna. Jako Burmistrz wraz z Radnymi wykorzystamy nasz zapa\u0142, energi\u0119 i kompetencje, aby sprosta\u0107 tym wyzwaniom.<\/strong>\u00a0<\/p>\n<p style=\"text-align: justify;\"><strong><em>Grzegorz Nieradka<\/em><\/strong><\/p>\n<\/div>\n\n\t\t<\/div> \n\t<\/div> \n\t<div class=\"custom-heading wpb_content_element \">\n\t\t<h2 class=\"heading-title\" >Facebook<\/h2>\n\t\t<span class=\"heading-line primary\"><\/span>\n\t<\/div>\n\t<div class=\"wpb_raw_code wpb_content_element wpb_raw_html\">\n\t\t<div class=\"wpb_wrapper\">\n\t\t\t<div id=\"fb-root\"><\/div>\n<script>(function(d, s, id) {\n  var js, fjs = d.getElementsByTagName(s)[0];\n  if (d.getElementById(id)) return;\n  js = d.createElement(s); js.id = id;\n  js.src = \"\/\/connect.facebook.net\/pl_PL\/sdk.js#xfbml=1&version=v2.3\";\n  fjs.parentNode.insertBefore(js, fjs);\n}(document, 'script', 'facebook-jssdk'));<\/script>\n<div class=\"fb-page\" data-href=\"https:\/\/www.facebook.com\/NieradkaGrzegorz\" data-width=\"315\" data-height=\"400\" data-hide-cover=\"false\" data-show-facepile=\"true\" data-show-posts=\"true\"><div class=\"fb-xfbml-parse-ignore\"><blockquote cite=\"https:\/\/www.facebook.com\/NieradkaGrzegorz\"><a href=\"https:\/\/www.facebook.com\/NieradkaGrzegorz\">Grzegorz Nieradka<\/a><\/blockquote><\/div><\/div>\n\t\t<\/div> \n\t<\/div> \n\t<div class=\"custom-heading wpb_content_element \">\n\t\t<h2 class=\"heading-title\" >Relacje filmowe<\/h2>\n\t\t<span class=\"heading-line primary\"><\/span>\n\t<\/div>\n\t<div class=\"wpb_video_widget wpb_content_element\">\n\t\t<div class=\"wpb_wrapper\"><div class=\"wpb_video_wrapper\"><iframe title=\"Wywiad: \u201eOd uzdrowisk po kopalnie ropy \u2013 Iwonicz-Zdr\u00f3j\u201d - Grzegorz Nieradka\" width=\"700\" height=\"394\" src=\"https:\/\/www.youtube.com\/embed\/CPNuUvkepfs?feature=oembed\" frameborder=\"0\" allow=\"accelerometer; autoplay; clipboard-write; encrypted-media; gyroscope; picture-in-picture; web-share\" referrerpolicy=\"strict-origin-when-cross-origin\" allowfullscreen><\/iframe><\/div>\n\t\t<\/div> \n\t<\/div> \n\t<div class=\"wpb_video_widget wpb_content_element\">\n\t\t<div class=\"wpb_wrapper\"><div class=\"wpb_video_wrapper\"><iframe title=\"Ochrona kultury ludowej: Rozmowa z Grzegorzem Nieradk\u0105 w Centrum Rozrywki Krakowiak\" width=\"700\" height=\"394\" src=\"https:\/\/www.youtube.com\/embed\/avKZmrqoAls?feature=oembed\" frameborder=\"0\" allow=\"accelerometer; autoplay; clipboard-write; encrypted-media; gyroscope; picture-in-picture; web-share\" referrerpolicy=\"strict-origin-when-cross-origin\" allowfullscreen><\/iframe><\/div>\n\t\t<\/div> \n\t<\/div> \n\t<div class=\"wpb_video_widget wpb_content_element\">\n\t\t<div class=\"wpb_wrapper\"><div class=\"wpb_video_wrapper\"><iframe title=\"Rozmowy niedoko\u0144czone: Konfederacja Barska - historia i aktualno\u015b\u0107 cz.I\" width=\"700\" height=\"394\" src=\"https:\/\/www.youtube.com\/embed\/TLvotBZn9sI?feature=oembed\" frameborder=\"0\" allow=\"accelerometer; autoplay; clipboard-write; encrypted-media; gyroscope; picture-in-picture; web-share\" referrerpolicy=\"strict-origin-when-cross-origin\" allowfullscreen><\/iframe><\/div>\n\t\t<\/div> \n\t<\/div> \n\t<div class=\"wpb_video_widget wpb_content_element\">\n\t\t<div class=\"wpb_wrapper\"><div class=\"wpb_video_wrapper\"><iframe title=\"Grzegorz Nieradka Prelekcja Rzeszo\u0301w\" width=\"700\" height=\"394\" src=\"https:\/\/www.youtube.com\/embed\/qwqEIRX0zug?feature=oembed\" frameborder=\"0\" allow=\"accelerometer; autoplay; clipboard-write; encrypted-media; gyroscope; picture-in-picture; web-share\" referrerpolicy=\"strict-origin-when-cross-origin\" allowfullscreen><\/iframe><\/div>\n\t\t<\/div> \n\t<\/div> \n\t\t<\/div> \n\t<\/div> \n\n\t\t\t\t<\/div>\n\t\t\t<\/div>\n\t\t<\/div>\n<\/div>\n<div id=\"wpc_69f9d7a1b4104\" class=\"vc_row wpb_row vc_row-fluid  \">\n\t\t<div class=\"row_inner_wrapper wpc_row_parallax clearfix\" style=\"padding-top: 150px;padding-bottom: 150px;color: #FFFFFF;\" data-bg=\"\" data-speed=\"0.5\"><div class=\"wpc_video_color_overlay\" style=\"background-color:#020202\"><\/div>\n\t\t\t<div class=\"wpc_parallax_bg\" style=\"background-image:\"><\/div>\n\t\t\t<div class=\"row_inner container clearfix\">\n\t\t\t\t<div class=\"row_full_center_content clearfix\">\n\t<div class=\"vc_col-sm-6 wpb_column vc_column_container \">\n\t\t<div class=\"wpb_wrapper\">\n\t\t\t\n\t<div class=\"wpb_text_column wpb_content_element \">\n\t\t<div class=\"wpb_wrapper\">\n\t\t\t\n\t\t<\/div> \n\t<\/div>\n<h1><strong><span style=\"color: #000000;\">GRZEGORZ NIERADKA<\/span>\u00a0<\/strong><\/h1>\n<h1>Kandydat na Burmistrza Gminy Iwonicz-Zdr\u00f3j<\/h1>\n<h2><em><span style=\"color: #000000;\"><strong>#RazemOdbudujemyWsp\u00f3lnot\u0119<\/strong><\/span>\u00a0<\/em><\/h2>\n<p>\n\t\t<\/div> \n\t<\/div> \n\n\t\t\t\t<\/div>\n\t\t\t<\/div>\n\t\t<\/div>\n<\/div>\n<div id=\"wpc_69f9d7a1b4c1a\" class=\"vc_row wpb_row vc_row-fluid  \">\n\t\t<div class=\"row_inner_wrapper  clearfix\" style=\"background-position: right top;background-repeat: no-repeat;padding-top: 60px;\">\n\t\t\t<div class=\"row_inner container clearfix\">\n\t\t\t\t<div class=\"row_full_center_content clearfix\">\n\t<div class=\"vc_col-sm-6 wpb_column vc_column_container \">\n\t\t<div class=\"wpb_wrapper\">\n\t\t\t\n<div id=\"wpc_69f9d7a1b521b\" class=\"vc_row wpb_row vc_row-fluid  \">\n\t\t<div class=\"row_inner_wrapper  clearfix\" style=\"background-position: left top;background-repeat: no-repeat;padding-top: 60px;\">\n\t\t\t<div class=\"row_inner container clearfix\">\n\t\t\t\t<div class=\"row_full_center_content clearfix\">\n\t\t\t\t<\/div>\n\t\t\t<\/div>\n\t\t<\/div>\n<\/div>\n\t<div class=\"vc_col-sm-6 wpb_column vc_column_container \">\n\t\t<div class=\"wpb_wrapper\">\n\t\t\t\n\t\t<\/div> \n\t<\/div> \n\n\t<div class=\"custom-heading wpb_content_element \">\n\t\t<h2 class=\"heading-title\" >Grzegorz nie tworzy barier pokoleniowych<\/h2>\n\t\t<span class=\"heading-line \"><\/span>\n\t<\/div>\n\t<div class=\"testimonial\">\n\t\t<div class=\"testimonial-content\">\n\t\t\t<p><\/p>\n<p>Grzegorz Nieradka to osoba, kt\u00f3ra bardzo anga\u017cuje si\u0119 w sprawy lokalnej spo\u0142eczno\u015bci. Jest otwarty na wszelkie pomys\u0142y i \u017cywo reaguje na potrzeby r\u00f3\u017cnych \u015brodowisk. Jako doradca Ministra Kultury i Dziedzictwa Narodowego mia\u0142 mo\u017cliwo\u015b\u0107 pozyskania funduszy, kt\u00f3re wspiera\u0142y instytucje kultury, sztuki, nauki,  obiekty religijne, wa\u017cne historycznie miejsca kultu,  stowarzyszenia, kluby itp., dzi\u0119ki czemu nasza gmina mog\u0142a si\u0119 pi\u0119knie rozwija\u0107, tworzy\u0107 miejsca przyjazne mieszka\u0144com i  przybywaj\u0105cym do naszej gminy go\u015bciom i kuracjuszom. Jest wsz\u0119dzie tam, gdzie dzieje si\u0119 co\u015b ciekawego i warto\u015bciowego. Grzegorz jest komunikatywny i pozytywnie nastawiony do ludzi  i otoczenia, ch\u0119tny do pracy i wsp\u00f3\u0142pracy z innymi. Nie tworzy barier pokoleniowych, wr\u0119cz przeciwnie pracuje zar\u00f3wno z lud\u017ami m\u0142odymi, jak i seniorami. Potrafi odnale\u017a\u0107 si\u0119 w ka\u017cdej sytuacji i merytorycznie uzasadni\u0107 swoj\u0105 wypowied\u017a. Jego \u017cyciowa energia jest z pewno\u015bci\u0105 motywacj\u0105 do tw\u00f3rczych dzia\u0142a\u0144. <\/p>\n\t\t<\/div>\n\t\t<div class=\"testimonial-header clearfix\">\n\t\t\t<div class=\"testimonial-avatar\"><img src=\"\" alt=\"Paulina Domaradzka, Radna Rady Miejskiej w Iwoniczu-Zdroju\"><\/div>\n\t\t\t<div class=\"testimonial-name\">Paulina Domaradzka, Radna Rady Miejskiej w Iwoniczu-Zdroju<\/div>\n\t\t<\/div>\n\t<\/div>\n<p><a href=\"http:\/\/localhost\/charming\/humanrights\/humanrights\/free-case-evaluation\/\" class=\"btn  btn-regular btn-ghost\" style=\"margin-top: -20px;\">M\u00f3j program<\/a>\n\t\t<\/div> \n\t<\/div> \n\n\t<div class=\"vc_col-sm-6 wpb_column vc_column_container \">\n\t\t<div class=\"wpb_wrapper\">\n\t\t\t<br \/>\n\t\t<\/div> \n\t<\/div> \n\n\t\t\t\t<\/div>\n\t\t\t<\/div>\n\t\t<\/div>\n<\/div>\n\n\n<div class=\"wp-block-group is-layout-flow\"><div class=\"wp-block-group__inner-container\">\n<div class=\"wp-block-group alignwide is-layout-flow\"><div class=\"wp-block-group__inner-container\"><\/div><\/div>\n<\/div><\/div>\n","protected":false},"excerpt":{"rendered":"\/****************************************** - PREPARE PLACEHOLDER FOR SLIDER - ******************************************\/ var setREVStartSize = function() { var tpopt = new Object(); tpopt.startwidth = ...","protected":false},"author":1,"featured_media":0,"parent":0,"menu_order":0,"comment_status":"open","ping_status":"open","template":"","meta":[],"_links":{"self":[{"href":"https:\/\/grzegorznieradka.pl\/index.php\/wp-json\/wp\/v2\/pages\/703"}],"collection":[{"href":"https:\/\/grzegorznieradka.pl\/index.php\/wp-json\/wp\/v2\/pages"}],"about":[{"href":"https:\/\/grzegorznieradka.pl\/index.php\/wp-json\/wp\/v2\/types\/page"}],"author":[{"embeddable":true,"href":"https:\/\/grzegorznieradka.pl\/index.php\/wp-json\/wp\/v2\/users\/1"}],"replies":[{"embeddable":true,"href":"https:\/\/grzegorznieradka.pl\/index.php\/wp-json\/wp\/v2\/comments?post=703"}],"version-history":[{"count":169,"href":"https:\/\/grzegorznieradka.pl\/index.php\/wp-json\/wp\/v2\/pages\/703\/revisions"}],"predecessor-version":[{"id":3319,"href":"https:\/\/grzegorznieradka.pl\/index.php\/wp-json\/wp\/v2\/pages\/703\/revisions\/3319"}],"wp:attachment":[{"href":"https:\/\/grzegorznieradka.pl\/index.php\/wp-json\/wp\/v2\/media?parent=703"}],"curies":[{"name":"wp","href":"https:\/\/api.w.org\/{rel}","templated":true}]}}